{"id":13,"date":"2026-03-26T22:56:52","date_gmt":"2026-03-26T19:56:52","guid":{"rendered":"https:\/\/kolayal.com\/?post_type=product&#038;p=13"},"modified":"2026-03-26T23:05:19","modified_gmt":"2026-03-26T20:05:19","slug":"64-gb-flash-disk","status":"publish","type":"product","link":"https:\/\/kolayal.com\/index.php\/urun\/64-gb-flash-disk\/","title":{"rendered":"64 Gb Flash disk"},"content":{"rendered":"<p><img loading=\"lazy\" decoding=\"async\" class=\"alignnone size-medium wp-image-14\" src=\"https:\/\/kolayal.com\/wp-content\/uploads\/2026\/03\/sandisk-cruzer-blade-128-gb-usb-2.0-flas-a6c7-300x300.jpg\" alt=\"\" width=\"300\" height=\"300\" srcset=\"https:\/\/kolayal.com\/wp-content\/uploads\/2026\/03\/sandisk-cruzer-blade-128-gb-usb-2.0-flas-a6c7-300x300.jpg 300w, https:\/\/kolayal.com\/wp-content\/uploads\/2026\/03\/sandisk-cruzer-blade-128-gb-usb-2.0-flas-a6c7-100x100.jpg 100w, https:\/\/kolayal.com\/wp-content\/uploads\/2026\/03\/sandisk-cruzer-blade-128-gb-usb-2.0-flas-a6c7-150x150.jpg 150w, https:\/\/kolayal.com\/wp-content\/uploads\/2026\/03\/sandisk-cruzer-blade-128-gb-usb-2.0-flas-a6c7.jpg 600w\" sizes=\"auto, (max-width: 300px) 100vw, 300px\" \/><\/p>\n<h2>Sandisk Cruzer Blade 128 Gb Usb 2.0 Flash Disk \u00d6zellikleri<\/h2>\n<p>128 GB&#8217;lik* Cruzer Blade\u2122 USB Flash S\u00fcr\u00fcc\u00fc k\u00fc\u00e7\u00fck g\u00f6r\u00fcnebilir ama bu s\u00fcr\u00fcc\u00fcde m\u00fczik dosyalar\u0131n\u0131z\u0131, foto\u011fraflar\u0131n\u0131z\u0131, videolar\u0131n\u0131z\u0131, sunumlar\u0131n\u0131z\u0131 ve elektronik tablolar\u0131n\u0131z\u0131 istedi\u011finiz zaman depolayabilmeniz ve payla\u015fman\u0131z i\u00e7in gereken alan vard\u0131r. 128 GB&#8217;lik Cruzer Blade USB Flash S\u00fcr\u00fcc\u00fc, k\u00fc\u00e7\u00fck ve \u015f\u0131k tasar\u0131m\u0131yla bir\u00e7ok USB Flash S\u00fcr\u00fcc\u00fcn\u00fcn boyutlar\u0131n\u0131n yar\u0131s\u0131 kadard\u0131r. Ki\u015fisel dosyalar\u0131n\u0131z, SanDisk SecureAccess\u2122 yaz\u0131l\u0131m\u0131n\u0131n sundu\u011fu \u015fifreli koruma ve \u015fifreleme \u00f6zelli\u011fi sayesinde her zaman g\u00fcvende olur.<\/p>\n<ul>\n<li>Kompakt ve \u015f\u0131k hafif tasar\u0131m<\/li>\n<li>Dosyalar\u0131 en kolay \u015fekilde payla\u015fma, depolama ve koruma<\/li>\n<li>Ki\u015fisel dosyalarda parola korumas\u0131 ve \u015fifreleme<\/li>\n<li>M\u00fczik, foto\u011fraf, video ve i\u015f dosyalar\u0131n\u0131z\u0131 payla\u015fman\u0131n, depolaman\u0131n ve koruman\u0131n en kolay y\u00f6ntemi<\/li>\n<\/ul>\n","protected":false},"excerpt":{"rendered":"<h3>Y\u00fcksek Kapasite ve G\u00fcvenli Depoloma<\/h3>\n<p>Do\u011fru depoloma kapasitesine sahip sandisk flash belle\u011fi tercih ederek, bir \u00e7ok dosyan\u0131z\u0131 g\u00fcvenli bir \u015fekilde ta\u015f\u0131yabilirsiniz. Onlarca Film, video ve y\u00fczlerce m\u00fczik depolayabilirsiniz.<\/p>\n","protected":false},"featured_media":14,"comment_status":"open","ping_status":"closed","template":"","meta":[],"product_brand":[17,16],"product_cat":[18,15],"product_tag":[25,24],"class_list":{"0":"post-13","1":"product","2":"type-product","3":"status-publish","4":"has-post-thumbnail","6":"product_brand-kingston","7":"product_brand-sandisk","8":"product_cat-flash-diskler","9":"product_cat-genel","10":"product_tag-bellek","11":"product_tag-flash","13":"first","14":"instock","15":"sale","16":"shipping-taxable","17":"purchasable","18":"product-type-simple"},"_links":{"self":[{"href":"https:\/\/kolayal.com\/index.php\/wp-json\/wp\/v2\/product\/13","targetHints":{"allow":["GET"]}}],"collection":[{"href":"https:\/\/kolayal.com\/index.php\/wp-json\/wp\/v2\/product"}],"about":[{"href":"https:\/\/kolayal.com\/index.php\/wp-json\/wp\/v2\/types\/product"}],"replies":[{"embeddable":true,"href":"https:\/\/kolayal.com\/index.php\/wp-json\/wp\/v2\/comments?post=13"}],"wp:featuredmedia":[{"embeddable":true,"href":"https:\/\/kolayal.com\/index.php\/wp-json\/wp\/v2\/media\/14"}],"wp:attachment":[{"href":"https:\/\/kolayal.com\/index.php\/wp-json\/wp\/v2\/media?parent=13"}],"wp:term":[{"taxonomy":"product_brand","embeddable":true,"href":"https:\/\/kolayal.com\/index.php\/wp-json\/wp\/v2\/product_brand?post=13"},{"taxonomy":"product_cat","embeddable":true,"href":"https:\/\/kolayal.com\/index.php\/wp-json\/wp\/v2\/product_cat?post=13"},{"taxonomy":"product_tag","embeddable":true,"href":"https:\/\/kolayal.com\/index.php\/wp-json\/wp\/v2\/product_tag?post=13"}],"curies":[{"name":"wp","href":"https:\/\/api.w.org\/{rel}","templated":true}]}}